{"id":71,"date":"2020-01-27T08:15:05","date_gmt":"2020-01-27T08:15:05","guid":{"rendered":"https:\/\/demosites.io\/marketing-agency-gb\/?page_id=71"},"modified":"2024-10-02T11:48:34","modified_gmt":"2024-10-02T09:48:34","slug":"bcd31-portfolio-single","status":"publish","type":"page","link":"https:\/\/xn--mbel-outlet-htte-mwb4j.de\/index.php\/bcd31-portfolio-single\/","title":{"rendered":"Unser Sortiment im \u00dcberblick"},"content":{"rendered":"\n<div class=\"wp-block-group alignfull has-accent-4-background-color has-background has-global-padding is-layout-constrained wp-container-core-group-is-layout-d89aad35 wp-block-group-is-layout-constrained\" style=\"margin-top:0;margin-bottom:0;padding-top:var(--wp--preset--spacing--50);padding-right:var(--wp--preset--spacing--50);padding-bottom:var(--wp--preset--spacing--50);padding-left:var(--wp--preset--spacing--50)\">\n<div class=\"wp-block-columns alignwide are-vertically-aligned-center is-layout-flex wp-container-core-columns-is-layout-47c06fe3 wp-block-columns-is-layout-flex\">\n<div class=\"wp-block-column is-vertically-aligned-center is-layout-flow wp-block-column-is-layout-flow\" style=\"flex-basis:50%\">\n<h2 class=\"wp-block-heading\">Esstische und St\u00fchle&#8230;<\/h2>\n\n\n\n<ul style=\"line-height:1.75\" class=\"wp-block-list is-style-checkmark-list\">\n<li>Massivholz Tische in verschiedenen Gr\u00f6\u00dfen<\/li>\n\n\n\n<li>St\u00fchle soweit das Auge reicht <\/li>\n\n\n\n<li>Hier ist f\u00fcr jeden Geschmack etwas dabei <\/li>\n<\/ul>\n<\/div>\n\n\n\n<div class=\"wp-block-column is-vertically-aligned-center is-layout-flow wp-block-column-is-layout-flow\" style=\"flex-basis:50%\">\n<div class=\"wp-block-columns is-layout-flex wp-container-core-columns-is-layout-28f84493 wp-block-columns-is-layout-flex\">\n<div class=\"wp-block-column is-layout-flow wp-block-column-is-layout-flow\">\n<div class=\"wp-block-group has-global-padding is-layout-constrained wp-block-group-is-layout-constrained\">\n<figure class=\"wp-block-gallery has-nested-images columns-default is-cropped wp-block-gallery-2 is-layout-flex wp-block-gallery-is-layout-flex\">\n<figure class=\"wp-block-image size-large is-style-rounded is-style-rounded--1\"><img loading=\"lazy\" decoding=\"async\" width=\"1024\" height=\"766\" data-id=\"1104\" src=\"https:\/\/xn--mbel-outlet-htte-mwb4j.de\/wp-content\/uploads\/2024\/10\/1727253914284-2-1024x766.jpg\" alt=\"\" class=\"wp-image-1104\" srcset=\"https:\/\/xn--mbel-outlet-htte-mwb4j.de\/wp-content\/uploads\/2024\/10\/1727253914284-2-1024x766.jpg 1024w, https:\/\/xn--mbel-outlet-htte-mwb4j.de\/wp-content\/uploads\/2024\/10\/1727253914284-2-300x224.jpg 300w, https:\/\/xn--mbel-outlet-htte-mwb4j.de\/wp-content\/uploads\/2024\/10\/1727253914284-2-768x574.jpg 768w, https:\/\/xn--mbel-outlet-htte-mwb4j.de\/wp-content\/uploads\/2024\/10\/1727253914284-2-1536x1149.jpg 1536w, https:\/\/xn--mbel-outlet-htte-mwb4j.de\/wp-content\/uploads\/2024\/10\/1727253914284-2-2048x1532.jpg 2048w\" sizes=\"auto, (max-width: 1024px) 100vw, 1024px\" \/><\/figure>\n<\/figure>\n<\/div>\n<\/div>\n\n\n\n<div class=\"wp-block-column is-layout-flow wp-block-column-is-layout-flow\">\n<figure class=\"wp-block-gallery has-nested-images columns-default is-cropped wp-block-gallery-4 is-layout-flex wp-block-gallery-is-layout-flex\">\n<figure class=\"wp-block-image size-large is-style-rounded is-style-rounded--3\"><img loading=\"lazy\" decoding=\"async\" width=\"1024\" height=\"766\" data-id=\"1105\" src=\"https:\/\/xn--mbel-outlet-htte-mwb4j.de\/wp-content\/uploads\/2024\/10\/1727253914229-3-1024x766.jpg\" alt=\"\" class=\"wp-image-1105\" srcset=\"https:\/\/xn--mbel-outlet-htte-mwb4j.de\/wp-content\/uploads\/2024\/10\/1727253914229-3-1024x766.jpg 1024w, https:\/\/xn--mbel-outlet-htte-mwb4j.de\/wp-content\/uploads\/2024\/10\/1727253914229-3-300x224.jpg 300w, https:\/\/xn--mbel-outlet-htte-mwb4j.de\/wp-content\/uploads\/2024\/10\/1727253914229-3-768x574.jpg 768w, https:\/\/xn--mbel-outlet-htte-mwb4j.de\/wp-content\/uploads\/2024\/10\/1727253914229-3-1536x1149.jpg 1536w, https:\/\/xn--mbel-outlet-htte-mwb4j.de\/wp-content\/uploads\/2024\/10\/1727253914229-3-2048x1532.jpg 2048w\" sizes=\"auto, (max-width: 1024px) 100vw, 1024px\" \/><\/figure>\n<\/figure>\n<\/div>\n<\/div>\n<\/div>\n<\/div>\n<\/div>\n\n\n\n<div class=\"wp-block-group alignfull has-accent-4-background-color has-background has-global-padding is-layout-constrained wp-container-core-group-is-layout-d89aad35 wp-block-group-is-layout-constrained\" style=\"margin-top:0;margin-bottom:0;padding-top:var(--wp--preset--spacing--50);padding-right:var(--wp--preset--spacing--50);padding-bottom:var(--wp--preset--spacing--50);padding-left:var(--wp--preset--spacing--50)\">\n<div class=\"wp-block-columns alignwide is-layout-flex wp-container-core-columns-is-layout-1da03c2a wp-block-columns-is-layout-flex\">\n<div class=\"wp-block-column is-vertically-aligned-center is-layout-flow wp-block-column-is-layout-flow\" style=\"flex-basis:60%\">\n<div class=\"wp-block-group has-global-padding is-layout-constrained wp-block-group-is-layout-constrained\">\n<figure class=\"wp-block-gallery has-nested-images columns-default is-cropped wp-block-gallery-6 is-layout-flex wp-block-gallery-is-layout-flex\">\n<figure class=\"wp-block-image size-large is-style-rounded is-style-rounded--5\"><img loading=\"lazy\" decoding=\"async\" width=\"1024\" height=\"766\" data-id=\"1109\" src=\"https:\/\/xn--mbel-outlet-htte-mwb4j.de\/wp-content\/uploads\/2024\/10\/1727257338246-1024x766.jpg\" alt=\"\" class=\"wp-image-1109\" srcset=\"https:\/\/xn--mbel-outlet-htte-mwb4j.de\/wp-content\/uploads\/2024\/10\/1727257338246-1024x766.jpg 1024w, https:\/\/xn--mbel-outlet-htte-mwb4j.de\/wp-content\/uploads\/2024\/10\/1727257338246-300x224.jpg 300w, https:\/\/xn--mbel-outlet-htte-mwb4j.de\/wp-content\/uploads\/2024\/10\/1727257338246-768x574.jpg 768w, https:\/\/xn--mbel-outlet-htte-mwb4j.de\/wp-content\/uploads\/2024\/10\/1727257338246-1536x1149.jpg 1536w, https:\/\/xn--mbel-outlet-htte-mwb4j.de\/wp-content\/uploads\/2024\/10\/1727257338246-2048x1532.jpg 2048w\" sizes=\"auto, (max-width: 1024px) 100vw, 1024px\" \/><\/figure>\n<\/figure>\n<\/div>\n<\/div>\n\n\n\n<div class=\"wp-block-column is-layout-flow wp-block-column-is-layout-flow\" style=\"flex-basis:40%\">\n<h2 class=\"wp-block-heading\">Unsere Bettenabteilung&#8230;<\/h2>\n\n\n\n<p>Kommen Sie vorbei und werden Sie optimal von unseren Mitarbeitern beraten.<\/p>\n\n\n\n<p>Betten in verschiedenen Gr\u00f6\u00dfen und Farben zu bestellen.<\/p>\n\n\n\n<p>Bei uns finden Sie die optimale Schlafl\u00f6sung.<\/p>\n\n\n\n<p>Unsere Team geht auf Ihre W\u00fcnsche und Bed\u00fcrfnisse ein.<\/p>\n\n\n\n<p>Wir freuen uns auf Ihren Besuch.<\/p>\n\n\n\n<div class=\"wp-block-buttons is-layout-flex wp-block-buttons-is-layout-flex\"><\/div>\n<\/div>\n<\/div>\n<\/div>\n\n\n\n<div class=\"wp-block-group alignfull has-accent-4-background-color has-background has-global-padding is-layout-constrained wp-container-core-group-is-layout-d89aad35 wp-block-group-is-layout-constrained\" style=\"margin-top:0;margin-bottom:0;padding-top:var(--wp--preset--spacing--50);padding-right:var(--wp--preset--spacing--50);padding-bottom:var(--wp--preset--spacing--50);padding-left:var(--wp--preset--spacing--50)\">\n<div class=\"wp-block-columns alignwide are-vertically-aligned-center is-layout-flex wp-container-core-columns-is-layout-47c06fe3 wp-block-columns-is-layout-flex\">\n<div class=\"wp-block-column is-vertically-aligned-center is-layout-flow wp-block-column-is-layout-flow\" style=\"flex-basis:50%\">\n<h2 class=\"wp-block-heading\">Finden Sie bei uns ihr Traumsofa<\/h2>\n\n\n\n<ul style=\"line-height:1.75\" class=\"wp-block-list is-style-checkmark-list\">\n<li>XXL oder XXS bei uns ist f\u00fcr jeden was dabei<\/li>\n\n\n\n<li>Viele Modelle in verschiedenen Farben und Stoffen bestellbar<\/li>\n\n\n\n<li>Viele Sofas direkt zum mitnehmen <\/li>\n\n\n\n<li>Beratung und Planung durch unser Team <\/li>\n<\/ul>\n<\/div>\n\n\n\n<div class=\"wp-block-column is-vertically-aligned-center is-layout-flow wp-block-column-is-layout-flow\" style=\"flex-basis:50%\">\n<div class=\"wp-block-columns is-layout-flex wp-container-core-columns-is-layout-28f84493 wp-block-columns-is-layout-flex\">\n<div class=\"wp-block-column is-layout-flow wp-block-column-is-layout-flow\" style=\"flex-basis:100%\">\n<div class=\"wp-block-columns is-layout-flex wp-container-core-columns-is-layout-28f84493 wp-block-columns-is-layout-flex\">\n<div class=\"wp-block-column is-layout-flow wp-block-column-is-layout-flow\" style=\"flex-basis:100%\">\n<div class=\"wp-block-group is-layout-grid wp-container-core-group-is-layout-478b6e6b wp-block-group-is-layout-grid\">\n<figure class=\"wp-block-gallery has-nested-images columns-default is-cropped wp-block-gallery-8 is-layout-flex wp-block-gallery-is-layout-flex\">\n<figure class=\"wp-block-image size-large is-style-rounded is-style-rounded--7\"><img loading=\"lazy\" decoding=\"async\" width=\"1024\" height=\"766\" data-id=\"1111\" src=\"https:\/\/xn--mbel-outlet-htte-mwb4j.de\/wp-content\/uploads\/2024\/10\/1727861843075-1024x766.jpg\" alt=\"\" class=\"wp-image-1111\" srcset=\"https:\/\/xn--mbel-outlet-htte-mwb4j.de\/wp-content\/uploads\/2024\/10\/1727861843075-1024x766.jpg 1024w, https:\/\/xn--mbel-outlet-htte-mwb4j.de\/wp-content\/uploads\/2024\/10\/1727861843075-300x224.jpg 300w, https:\/\/xn--mbel-outlet-htte-mwb4j.de\/wp-content\/uploads\/2024\/10\/1727861843075-768x574.jpg 768w, https:\/\/xn--mbel-outlet-htte-mwb4j.de\/wp-content\/uploads\/2024\/10\/1727861843075-1536x1149.jpg 1536w, https:\/\/xn--mbel-outlet-htte-mwb4j.de\/wp-content\/uploads\/2024\/10\/1727861843075-2048x1532.jpg 2048w\" sizes=\"auto, (max-width: 1024px) 100vw, 1024px\" \/><\/figure>\n<\/figure>\n\n\n\n<figure class=\"wp-block-gallery has-nested-images columns-default is-cropped wp-block-gallery-10 is-layout-flex wp-block-gallery-is-layout-flex\">\n<figure class=\"wp-block-image size-large is-style-rounded is-style-rounded--9\"><img loading=\"lazy\" decoding=\"async\" width=\"1024\" height=\"766\" data-id=\"1112\" src=\"https:\/\/xn--mbel-outlet-htte-mwb4j.de\/wp-content\/uploads\/2024\/10\/1727861843023-1024x766.jpg\" alt=\"\" class=\"wp-image-1112\" srcset=\"https:\/\/xn--mbel-outlet-htte-mwb4j.de\/wp-content\/uploads\/2024\/10\/1727861843023-1024x766.jpg 1024w, https:\/\/xn--mbel-outlet-htte-mwb4j.de\/wp-content\/uploads\/2024\/10\/1727861843023-300x224.jpg 300w, https:\/\/xn--mbel-outlet-htte-mwb4j.de\/wp-content\/uploads\/2024\/10\/1727861843023-768x574.jpg 768w, https:\/\/xn--mbel-outlet-htte-mwb4j.de\/wp-content\/uploads\/2024\/10\/1727861843023-1536x1149.jpg 1536w, https:\/\/xn--mbel-outlet-htte-mwb4j.de\/wp-content\/uploads\/2024\/10\/1727861843023-2048x1532.jpg 2048w\" sizes=\"auto, (max-width: 1024px) 100vw, 1024px\" \/><\/figure>\n<\/figure>\n<\/div>\n<\/div>\n<\/div>\n<\/div>\n<\/div>\n<\/div>\n<\/div>\n<\/div>\n\n\n\n<div class=\"wp-block-group alignfull has-accent-4-background-color has-background has-global-padding is-layout-constrained wp-container-core-group-is-layout-d89aad35 wp-block-group-is-layout-constrained\" style=\"margin-top:0;margin-bottom:0;padding-top:var(--wp--preset--spacing--50);padding-right:var(--wp--preset--spacing--50);padding-bottom:var(--wp--preset--spacing--50);padding-left:var(--wp--preset--spacing--50)\">\n<div class=\"wp-block-columns alignwide is-layout-flex wp-container-core-columns-is-layout-1da03c2a wp-block-columns-is-layout-flex\">\n<div class=\"wp-block-column is-vertically-aligned-center is-layout-flow wp-block-column-is-layout-flow\" style=\"flex-basis:60%\">\n<figure class=\"wp-block-gallery has-nested-images columns-default is-cropped wp-block-gallery-12 is-layout-flex wp-block-gallery-is-layout-flex\">\n<figure class=\"wp-block-image size-large is-style-rounded is-style-rounded--11\"><img loading=\"lazy\" decoding=\"async\" width=\"766\" height=\"1024\" data-id=\"1114\" src=\"https:\/\/xn--mbel-outlet-htte-mwb4j.de\/wp-content\/uploads\/2024\/10\/1727861842974-766x1024.jpg\" alt=\"\" class=\"wp-image-1114\" srcset=\"https:\/\/xn--mbel-outlet-htte-mwb4j.de\/wp-content\/uploads\/2024\/10\/1727861842974-766x1024.jpg 766w, https:\/\/xn--mbel-outlet-htte-mwb4j.de\/wp-content\/uploads\/2024\/10\/1727861842974-224x300.jpg 224w, https:\/\/xn--mbel-outlet-htte-mwb4j.de\/wp-content\/uploads\/2024\/10\/1727861842974-768x1027.jpg 768w, https:\/\/xn--mbel-outlet-htte-mwb4j.de\/wp-content\/uploads\/2024\/10\/1727861842974-1149x1536.jpg 1149w, https:\/\/xn--mbel-outlet-htte-mwb4j.de\/wp-content\/uploads\/2024\/10\/1727861842974-1532x2048.jpg 1532w, https:\/\/xn--mbel-outlet-htte-mwb4j.de\/wp-content\/uploads\/2024\/10\/1727861842974-scaled.jpg 1915w\" sizes=\"auto, (max-width: 766px) 100vw, 766px\" \/><\/figure>\n<\/figure>\n<\/div>\n\n\n\n<div class=\"wp-block-column is-layout-flow wp-block-column-is-layout-flow\" style=\"flex-basis:40%\">\n<h2 class=\"wp-block-heading\">Finden Sie die passende Deko f\u00fcr Ihr Zuhause<\/h2>\n\n\n\n<p>Es muss nicht immer gleich ein neues M\u00f6belst\u00fcck sein, mit neuer Dekoration k\u00f6nnen Sie Ihr zuhause ver\u00e4ndern.<\/p>\n\n\n\n<p>Wir bieten tolle Dekorationsm\u00f6glichkeiten an, schauen Sie sich um und lassen Sie sich inspirieren.<\/p>\n\n\n\n<div class=\"wp-block-buttons is-layout-flex wp-block-buttons-is-layout-flex\"><\/div>\n<\/div>\n<\/div>\n<\/div>\n","protected":false},"excerpt":{"rendered":"<p>Esstische und St\u00fchle&#8230; Unsere Bettenabteilung&#8230; Kommen Sie vorbei und werden Sie optimal von unseren Mitarbeitern beraten. Betten in verschiedenen Gr\u00f6\u00dfen und Farben zu bestellen. Bei uns finden Sie die optimale Schlafl\u00f6sung. Unsere Team geht auf Ihre W\u00fcnsche und Bed\u00fcrfnisse ein. Wir freuen uns auf Ihren Besuch. Finden Sie bei uns ihr Traumsofa Finden Sie die [&hellip;]<\/p>\n","protected":false},"author":1,"featured_media":0,"parent":0,"menu_order":0,"comment_status":"closed","ping_status":"closed","template":"","meta":{"footnotes":""},"class_list":["post-71","page","type-page","status-publish","hentry"],"_links":{"self":[{"href":"https:\/\/xn--mbel-outlet-htte-mwb4j.de\/index.php\/wp-json\/wp\/v2\/pages\/71","targetHints":{"allow":["GET"]}}],"collection":[{"href":"https:\/\/xn--mbel-outlet-htte-mwb4j.de\/index.php\/wp-json\/wp\/v2\/pages"}],"about":[{"href":"https:\/\/xn--mbel-outlet-htte-mwb4j.de\/index.php\/wp-json\/wp\/v2\/types\/page"}],"author":[{"embeddable":true,"href":"https:\/\/xn--mbel-outlet-htte-mwb4j.de\/index.php\/wp-json\/wp\/v2\/users\/1"}],"replies":[{"embeddable":true,"href":"https:\/\/xn--mbel-outlet-htte-mwb4j.de\/index.php\/wp-json\/wp\/v2\/comments?post=71"}],"version-history":[{"count":28,"href":"https:\/\/xn--mbel-outlet-htte-mwb4j.de\/index.php\/wp-json\/wp\/v2\/pages\/71\/revisions"}],"predecessor-version":[{"id":1100,"href":"https:\/\/xn--mbel-outlet-htte-mwb4j.de\/index.php\/wp-json\/wp\/v2\/pages\/71\/revisions\/1100"}],"wp:attachment":[{"href":"https:\/\/xn--mbel-outlet-htte-mwb4j.de\/index.php\/wp-json\/wp\/v2\/media?parent=71"}],"curies":[{"name":"wp","href":"https:\/\/api.w.org\/{rel}","templated":true}]}}